{"id":16,"date":"2026-02-01T09:06:34","date_gmt":"2026-02-01T09:06:34","guid":{"rendered":"https:\/\/mamabravo.ca\/?page_id=16"},"modified":"2026-02-16T15:30:21","modified_gmt":"2026-02-16T15:30:21","slug":"about-us","status":"publish","type":"page","link":"https:\/\/mamabravo.ca\/en\/about-us\/","title":{"rendered":"About Us"},"content":{"rendered":"<div data-elementor-type=\"wp-page\" data-elementor-id=\"16\" class=\"elementor elementor-16\" data-elementor-post-type=\"page\">\n\t\t\t\t\t\t<section class=\"elementor-section elementor-top-section elementor-element elementor-element-408891d9 elementor-section-height-min-height elementor-section-boxed elementor-section-height-default elementor-section-items-middle\" data-id=\"408891d9\" data-element_type=\"section\" data-e-type=\"section\" data-settings=\"{&quot;background_background&quot;:&quot;classic&quot;}\">\n\t\t\t\t\t\t\t<div class=\"elementor-background-overlay\"><\/div>\n\t\t\t\t\t\t\t<div class=\"elementor-container elementor-column-gap-default\">\n\t\t\t\t\t<div class=\"elementor-column elementor-col-100 elementor-top-column elementor-element elementor-element-483185fe\" data-id=\"483185fe\" data-element_type=\"column\" data-e-type=\"column\">\n\t\t\t<div class=\"elementor-widget-wrap elementor-element-populated\">\n\t\t\t\t\t\t<div class=\"elementor-element elementor-element-470abc79 elementor-widget elementor-widget-heading\" data-id=\"470abc79\" data-element_type=\"widget\" data-e-type=\"widget\" data-widget_type=\"heading.default\">\n\t\t\t\t\t<h1 class=\"elementor-heading-title elementor-size-default\">About Us<\/h1>\t\t\t\t<\/div>\n\t\t\t\t\t<\/div>\n\t\t<\/div>\n\t\t\t\t\t<\/div>\n\t\t<\/section>\n\t\t\t\t<section class=\"elementor-section elementor-top-section elementor-element elementor-element-1a29623 elementor-section-boxed elementor-section-height-default elementor-section-height-default\" data-id=\"1a29623\" data-element_type=\"section\" data-e-type=\"section\">\n\t\t\t\t\t\t<div class=\"elementor-container elementor-column-gap-default\">\n\t\t\t\t\t<div class=\"elementor-column elementor-col-100 elementor-top-column elementor-element elementor-element-df62c36\" data-id=\"df62c36\" data-element_type=\"column\" data-e-type=\"column\">\n\t\t\t<div class=\"elementor-widget-wrap elementor-element-populated\">\n\t\t\t\t\t\t<div class=\"elementor-element elementor-element-dbe748f elementor-widget elementor-widget-heading\" data-id=\"dbe748f\" data-element_type=\"widget\" data-e-type=\"widget\" data-widget_type=\"heading.default\">\n\t\t\t\t\t<h2 class=\"elementor-heading-title elementor-size-default\">A Story Built on Flavor<\/h2>\t\t\t\t<\/div>\n\t\t\t\t<div class=\"elementor-element elementor-element-4788f36 elementor-widget elementor-widget-text-editor\" data-id=\"4788f36\" data-element_type=\"widget\" data-e-type=\"widget\" data-widget_type=\"text-editor.default\">\n\t\t\t\t\t\t\t\t\t<p>For over 20 years, our restaurant has been a go-to destination for pizza lovers in \u00cele-Perrot. What began as a passion for great food has grown into a place where people come together for flavor, quality, and welcoming service.<\/p>\t\t\t\t\t\t\t\t<\/div>\n\t\t\t\t<div class=\"elementor-element elementor-element-01ef92e elementor-widget-divider--view-line elementor-widget elementor-widget-divider\" data-id=\"01ef92e\" data-element_type=\"widget\" data-e-type=\"widget\" data-widget_type=\"divider.default\">\n\t\t\t\t\t\t\t<div class=\"elementor-divider\">\n\t\t\t<span class=\"elementor-divider-separator\">\n\t\t\t\t\t\t<\/span>\n\t\t<\/div>\n\t\t\t\t\t\t<\/div>\n\t\t\t\t<div class=\"elementor-element elementor-element-e8cd977 elementor-widget elementor-widget-heading\" data-id=\"e8cd977\" data-element_type=\"widget\" data-e-type=\"widget\" data-widget_type=\"heading.default\">\n\t\t\t\t\t<h2 class=\"elementor-heading-title elementor-size-default\">Our Signature<\/h2>\t\t\t\t<\/div>\n\t\t\t\t<div class=\"elementor-element elementor-element-098c1c3 elementor-widget elementor-widget-text-editor\" data-id=\"098c1c3\" data-element_type=\"widget\" data-e-type=\"widget\" data-widget_type=\"text-editor.default\">\n\t\t\t\t\t\t\t\t\t<p>Au c\u0153ur de notre menu se trouve notre\u00a0<strong>sauce maison l\u00e9gendaire<\/strong>At the heart of our menu is our house-made sauce, crafted from a unique recipe perfected over time. It has become our signature and is featured in many of our most popular dishes, delivering the flavor that sets us apart.<\/p>\t\t\t\t\t\t\t\t<\/div>\n\t\t\t\t<div class=\"elementor-element elementor-element-8cb73e3 elementor-widget-divider--view-line elementor-widget elementor-widget-divider\" data-id=\"8cb73e3\" data-element_type=\"widget\" data-e-type=\"widget\" data-widget_type=\"divider.default\">\n\t\t\t\t\t\t\t<div class=\"elementor-divider\">\n\t\t\t<span class=\"elementor-divider-separator\">\n\t\t\t\t\t\t<\/span>\n\t\t<\/div>\n\t\t\t\t\t\t<\/div>\n\t\t\t\t<div class=\"elementor-element elementor-element-fafd14b elementor-widget elementor-widget-heading\" data-id=\"fafd14b\" data-element_type=\"widget\" data-e-type=\"widget\" data-widget_type=\"heading.default\">\n\t\t\t\t\t<h2 class=\"elementor-heading-title elementor-size-default\">Carefully Selected Ingredients<\/h2>\t\t\t\t<\/div>\n\t\t\t\t<div class=\"elementor-element elementor-element-bc3c03e elementor-widget elementor-widget-text-editor\" data-id=\"bc3c03e\" data-element_type=\"widget\" data-e-type=\"widget\" data-widget_type=\"text-editor.default\">\n\t\t\t\t\t\t\t\t\t<p>We refuse to compromise on quality. That\u2019s why we carefully source our ingredients from trusted suppliers selecting top-quality cheeses, premium meats, and fresh vegetables from local farmers markets.<\/p>\t\t\t\t\t\t\t\t<\/div>\n\t\t\t\t<div class=\"elementor-element elementor-element-0b3e07d elementor-widget-divider--view-line elementor-widget elementor-widget-divider\" data-id=\"0b3e07d\" data-element_type=\"widget\" data-e-type=\"widget\" data-widget_type=\"divider.default\">\n\t\t\t\t\t\t\t<div class=\"elementor-divider\">\n\t\t\t<span class=\"elementor-divider-separator\">\n\t\t\t\t\t\t<\/span>\n\t\t<\/div>\n\t\t\t\t\t\t<\/div>\n\t\t\t\t<div class=\"elementor-element elementor-element-42a299d elementor-widget elementor-widget-heading\" data-id=\"42a299d\" data-element_type=\"widget\" data-e-type=\"widget\" data-widget_type=\"heading.default\">\n\t\t\t\t\t<h2 class=\"elementor-heading-title elementor-size-default\">A Dedicated Team<\/h2>\t\t\t\t<\/div>\n\t\t\t\t<div class=\"elementor-element elementor-element-203219c elementor-widget elementor-widget-text-editor\" data-id=\"203219c\" data-element_type=\"widget\" data-e-type=\"widget\" data-widget_type=\"text-editor.default\">\n\t\t\t\t\t\t\t\t\t<p>Behind every order is a passionate and committed team. From preparation to service, our staff works hard to ensure every visit is a pleasant one whether you\u2019re dining in, ordering takeout, or enjoying delivery.<\/p>\t\t\t\t\t\t\t\t<\/div>\n\t\t\t\t<div class=\"elementor-element elementor-element-d57f9ac elementor-widget-divider--view-line elementor-widget elementor-widget-divider\" data-id=\"d57f9ac\" data-element_type=\"widget\" data-e-type=\"widget\" data-widget_type=\"divider.default\">\n\t\t\t\t\t\t\t<div class=\"elementor-divider\">\n\t\t\t<span class=\"elementor-divider-separator\">\n\t\t\t\t\t\t<\/span>\n\t\t<\/div>\n\t\t\t\t\t\t<\/div>\n\t\t\t\t<div class=\"elementor-element elementor-element-cc78138 elementor-widget elementor-widget-heading\" data-id=\"cc78138\" data-element_type=\"widget\" data-e-type=\"widget\" data-widget_type=\"heading.default\">\n\t\t\t\t\t<h2 class=\"elementor-heading-title elementor-size-default\">Looking Ahead<\/h2>\t\t\t\t<\/div>\n\t\t\t\t<div class=\"elementor-element elementor-element-6c6ae21 elementor-widget elementor-widget-text-editor\" data-id=\"6c6ae21\" data-element_type=\"widget\" data-e-type=\"widget\" data-widget_type=\"text-editor.default\">\n\t\t\t\t\t\t\t\t\t<p>After more than two decades, we remain focused on what we do best: serving flavorful meals, staying true to our recipes, and delivering a consistent experience our customers can rely on. Thank you for being part of our journey.<\/p>\t\t\t\t\t\t\t\t<\/div>\n\t\t\t\t\t<\/div>\n\t\t<\/div>\n\t\t\t\t\t<\/div>\n\t\t<\/section>\n\t\t\t\t<\/div>","protected":false},"excerpt":{"rendered":"<p>\u00c0 Propos Une histoire fa\u00e7onn\u00e9e par la saveur Depuis plus de 20 ans, notre restaurant est une adresse incontournable pour les amateurs de pizza \u00e0 L\u2019\u00cele-Perrot. Ce qui a commenc\u00e9 comme une passion pour la bonne cuisine est devenu un lieu de rassemblement o\u00f9 l\u2019on vient pour la saveur, la qualit\u00e9 et un service chaleureux. [&hellip;]<\/p>\n","protected":false},"author":1,"featured_media":0,"parent":0,"menu_order":0,"comment_status":"closed","ping_status":"closed","template":"","meta":{"footnotes":""},"class_list":["post-16","page","type-page","status-publish","hentry"],"_links":{"self":[{"href":"https:\/\/mamabravo.ca\/en\/wp-json\/wp\/v2\/pages\/16","targetHints":{"allow":["GET"]}}],"collection":[{"href":"https:\/\/mamabravo.ca\/en\/wp-json\/wp\/v2\/pages"}],"about":[{"href":"https:\/\/mamabravo.ca\/en\/wp-json\/wp\/v2\/types\/page"}],"author":[{"embeddable":true,"href":"https:\/\/mamabravo.ca\/en\/wp-json\/wp\/v2\/users\/1"}],"replies":[{"embeddable":true,"href":"https:\/\/mamabravo.ca\/en\/wp-json\/wp\/v2\/comments?post=16"}],"version-history":[{"count":16,"href":"https:\/\/mamabravo.ca\/en\/wp-json\/wp\/v2\/pages\/16\/revisions"}],"predecessor-version":[{"id":235,"href":"https:\/\/mamabravo.ca\/en\/wp-json\/wp\/v2\/pages\/16\/revisions\/235"}],"wp:attachment":[{"href":"https:\/\/mamabravo.ca\/en\/wp-json\/wp\/v2\/media?parent=16"}],"curies":[{"name":"wp","href":"https:\/\/api.w.org\/{rel}","templated":true}]}}